{"id":17,"date":"2025-03-06T12:10:43","date_gmt":"2025-03-06T11:10:43","guid":{"rendered":"https:\/\/candypack.be.local\/?page_id=17"},"modified":"2026-01-30T11:55:16","modified_gmt":"2026-01-30T10:55:16","slug":"contact","status":"publish","type":"page","link":"https:\/\/candypack.be\/fr\/contact\/","title":{"rendered":"Contact"},"content":{"rendered":"<section class=\"acf-block acf-block-content acf-block-first acf-block-last\" id=\"block_acf-block_697c8e1397778\">\n    <div class=\"container\">\n                    <div class=\"row\">\n                                    \n                    <div class=\"col-12 col-md-6\">\n                        \n                        \n                        \n                                                    <h2 class=\"text-primary\">\n                                Contactez Candy Pack                             <\/h2>\n                        \n                        \n                                                    \n                                                            <div class=\"content__text mt-5\"><p>Vous avez un projet de confiserie, une question sur nos services ou besoin d\u2019un devis ?<br \/>\nNotre \u00e9quipe vous accompagne et vous r\u00e9pond rapidement, en Belgique et \u00e0 l\u2019international.<\/p>\n<p>Remplissez le formulaire ou contactez nous directement\u00a0:<\/p>\n<p>Email\u00a0: <a href=\"mailto:info@candypack.be\">info@candypack.be<\/a><\/p>\n<p>T\u00e9l\u00e9phone : +32 (0) 87 29 38 40<\/p>\n<p><strong>Horaires d\u2019ouverture<\/strong><br \/>\nDu lundi au jeudi de 8h \u00e0 17h<br \/>\nLe vendredi de 8h \u00e0 15h<\/p>\n<\/div>\n                                                                                                <\/div>\n                                    \n                    <div class=\"col-12 content__type-default col-md-6\">\n                        \n                        \n                        \n                                                    <h2 class=\"text-primary\">\n                                Contact                            <\/h2>\n                        \n                        \n                                                    \n                                                            <div class=\"content__text mt-5\"><div class=\"wpcf7 no-js\" id=\"wpcf7-f252-o1\" lang=\"fr-FR\" dir=\"ltr\" data-wpcf7-id=\"252\">\n<div class=\"screen-reader-response\">\n<p role=\"status\" aria-live=\"polite\" aria-atomic=\"true\">\n<ul><\/ul>\n<\/div>\n<form action=\"\/fr\/wp-json\/wp\/v2\/pages\/17#wpcf7-f252-o1\" method=\"post\" class=\"wpcf7-form init\" aria-label=\"Contact form\" novalidate=\"novalidate\" data-status=\"init\">\n<div style=\"display: none;\">\n<input type=\"hidden\" name=\"_wpcf7\" value=\"252\" \/><br \/>\n<input type=\"hidden\" name=\"_wpcf7_version\" value=\"6.0.5\" \/><br \/>\n<input type=\"hidden\" name=\"_wpcf7_locale\" value=\"fr_FR\" \/><br \/>\n<input type=\"hidden\" name=\"_wpcf7_unit_tag\" value=\"wpcf7-f252-o1\" \/><br \/>\n<input type=\"hidden\" name=\"_wpcf7_container_post\" value=\"0\" \/><br \/>\n<input type=\"hidden\" name=\"_wpcf7_posted_data_hash\" value=\"\" \/><br \/>\n<input type=\"hidden\" name=\"_wpcf7_recaptcha_response\" value=\"\" \/>\n<\/div>\n<div class=\"row g-3 mb-3\">\n<div class=\"col-md-6\">\n<p><label class=\"form-label\">Pr\u00e9nom <span class=\"text-danger\">*<\/span><\/label><br \/>\n<span class=\"wpcf7-form-control-wrap\" data-name=\"first-name\"><input size=\"40\" maxlength=\"400\" class=\"wpcf7-form-control wpcf7-text wpcf7-validates-as-required form-control\" aria-required=\"true\" aria-invalid=\"false\" placeholder=\"Entrez votre pr\u00e9nom\" value=\"\" type=\"text\" name=\"first-name\" \/><\/span>\n\t\t<\/p>\n<\/p><\/div>\n<div class=\"col-md-6\">\n<p><label class=\"form-label\">Nom <span class=\"text-danger\">*<\/span><\/label><br \/>\n<span class=\"wpcf7-form-control-wrap\" data-name=\"last-name\"><input size=\"40\" maxlength=\"400\" class=\"wpcf7-form-control wpcf7-text wpcf7-validates-as-required form-control\" aria-required=\"true\" aria-invalid=\"false\" placeholder=\"Entrez votre nom\" value=\"\" type=\"text\" name=\"last-name\" \/><\/span>\n\t\t<\/p>\n<\/p><\/div>\n<div class=\"col-md-6\">\n<p><label class=\"form-label\">Email <span class=\"text-danger\">*<\/span><\/label><br \/>\n<span class=\"wpcf7-form-control-wrap\" data-name=\"your-email\"><input size=\"40\" maxlength=\"400\" class=\"wpcf7-form-control wpcf7-email wpcf7-validates-as-required wpcf7-text wpcf7-validates-as-email form-control\" aria-required=\"true\" aria-invalid=\"false\" placeholder=\"Entrez votre email\" value=\"\" type=\"email\" name=\"your-email\" \/><\/span>\n\t\t<\/p>\n<\/p><\/div>\n<div class=\"col-md-6\">\n<p><label class=\"form-label\">T\u00e9l\u00e9phone<span class=\"text-danger\">*<\/span><\/label><br \/>\n<span class=\"wpcf7-form-control-wrap\" data-name=\"your-phone\"><input size=\"40\" maxlength=\"400\" class=\"wpcf7-form-control wpcf7-tel wpcf7-validates-as-required wpcf7-text wpcf7-validates-as-tel form-control\" aria-required=\"true\" aria-invalid=\"false\" placeholder=\"Entrez votre num\u00e9ro de t\u00e9l\u00e9phone\" value=\"\" type=\"tel\" name=\"your-phone\" \/><\/span>\n\t\t<\/p>\n<\/p><\/div>\n<div class=\"col-12\">\n<p><label class=\"form-label\">Votre Message <span class=\"text-danger\">*<\/span><\/label><br \/>\n<span class=\"wpcf7-form-control-wrap\" data-name=\"message\"><textarea cols=\"40\" rows=\"10\" maxlength=\"2000\" class=\"wpcf7-form-control wpcf7-textarea wpcf7-validates-as-required form-control\" aria-required=\"true\" aria-invalid=\"false\" placeholder=\"Entrez votre message\" name=\"message\"><\/textarea><\/span>\n\t\t<\/p>\n<\/p><\/div>\n<div class=\"col-12\">\n<p><span class=\"wpcf7-form-control-wrap\" data-name=\"terms\"><span class=\"wpcf7-form-control wpcf7-acceptance\"><span class=\"wpcf7-list-item\"><label><input type=\"checkbox\" name=\"terms\" value=\"1\" aria-invalid=\"false\" \/><span class=\"wpcf7-list-item-label\">J&#8217;accepte la <a href=\"#\" target=\"_blank\">politique de vie priv\u00e9e du site<\/a>.<\/span><\/label><\/span><\/span><\/span>\n\t\t<\/p>\n<\/p><\/div>\n<div class=\"col-12\">\n <!--\n      Default CF7 <input class=\"wpcf7-form-control wpcf7-submit has-spinner btn btn-primary w-100\" type=\"submit\" value=\"Send Message\" \/> outputs an <input>:\n      <input class=\"wpcf7-form-control wpcf7-submit has-spinner btn btn-primary w-100\" type=\"submit\" value=\"Send Message\">\n      Use <button> element to add a spinner.\n    --><\/p>\n<p><button type=\"submit\" class=\"btn btn-primary with-arrow wpcf7-submit\" disabled=\"disabled\">Envoyer<\/button>\n\t\t<\/p>\n<\/p><\/div>\n<p>champs obligatoires <span class=\"text-danger\">*<\/span>\n\t<\/p>\n<\/div>\n<div class=\"wpcf7-response-output\" aria-hidden=\"true\"><\/div>\n<\/form>\n<\/div>\n<p>Toutes les demandes sont trait\u00e9es avec confidentialit\u00e9 et sans engagement.<\/p>\n<\/div>\n                                                                                                <\/div>\n                            <\/div>\n            <\/div>\n<\/section>\n","protected":false},"excerpt":{"rendered":"","protected":false},"author":1,"featured_media":0,"parent":0,"menu_order":0,"comment_status":"closed","ping_status":"closed","template":"","meta":{"_acf_changed":false,"footnotes":""},"class_list":["post-17","page","type-page","status-publish","hentry"],"acf":[],"yoast_head":"<!-- This site is optimized with the Yoast SEO plugin v24.7 - https:\/\/yoast.com\/wordpress\/plugins\/seo\/ -->\n<title>Contact - Candy Pack<\/title>\n<meta name=\"robots\" content=\"index, follow, max-snippet:-1, max-image-preview:large, max-video-preview:-1\" \/>\n<link rel=\"canonical\" href=\"https:\/\/candypack.be\/fr\/contact\/\" \/>\n<meta property=\"og:type\" content=\"article\" \/>\n<meta property=\"og:title\" content=\"Contact - Candy Pack\" \/>\n<meta property=\"og:url\" content=\"https:\/\/candypack.be\/fr\/contact\/\" \/>\n<meta property=\"og:site_name\" content=\"Candy Pack\" \/>\n<meta property=\"article:modified_time\" content=\"2026-01-30T10:55:16+00:00\" \/>\n<meta name=\"twitter:card\" content=\"summary_large_image\" \/>\n<script type=\"application\/ld+json\" class=\"yoast-schema-graph\">{\"@context\":\"https:\/\/schema.org\",\"@graph\":[{\"@type\":\"WebPage\",\"@id\":\"https:\/\/candypack.be\/fr\/contact\/\",\"url\":\"https:\/\/candypack.be\/fr\/contact\/\",\"name\":\"Contact - Candy Pack\",\"isPartOf\":{\"@id\":\"https:\/\/candypack.be\/fr\/#website\"},\"datePublished\":\"2025-03-06T11:10:43+00:00\",\"dateModified\":\"2026-01-30T10:55:16+00:00\",\"breadcrumb\":{\"@id\":\"https:\/\/candypack.be\/fr\/contact\/#breadcrumb\"},\"inLanguage\":\"fr-FR\",\"potentialAction\":[{\"@type\":\"ReadAction\",\"target\":[\"https:\/\/candypack.be\/fr\/contact\/\"]}]},{\"@type\":\"BreadcrumbList\",\"@id\":\"https:\/\/candypack.be\/fr\/contact\/#breadcrumb\",\"itemListElement\":[{\"@type\":\"ListItem\",\"position\":1,\"name\":\"Home\",\"item\":\"https:\/\/candypack.be\/fr\/\"},{\"@type\":\"ListItem\",\"position\":2,\"name\":\"Contact\"}]},{\"@type\":\"WebSite\",\"@id\":\"https:\/\/candypack.be\/fr\/#website\",\"url\":\"https:\/\/candypack.be\/fr\/\",\"name\":\"Candy Pack\",\"description\":\"\",\"potentialAction\":[{\"@type\":\"SearchAction\",\"target\":{\"@type\":\"EntryPoint\",\"urlTemplate\":\"https:\/\/candypack.be\/fr\/?s={search_term_string}\"},\"query-input\":{\"@type\":\"PropertyValueSpecification\",\"valueRequired\":true,\"valueName\":\"search_term_string\"}}],\"inLanguage\":\"fr-FR\"}]}<\/script>\n<!-- \/ Yoast SEO plugin. -->","yoast_head_json":{"title":"Contact - Candy Pack","robots":{"index":"index","follow":"follow","max-snippet":"max-snippet:-1","max-image-preview":"max-image-preview:large","max-video-preview":"max-video-preview:-1"},"canonical":"https:\/\/candypack.be\/fr\/contact\/","og_type":"article","og_title":"Contact - Candy Pack","og_url":"https:\/\/candypack.be\/fr\/contact\/","og_site_name":"Candy Pack","article_modified_time":"2026-01-30T10:55:16+00:00","twitter_card":"summary_large_image","schema":{"@context":"https:\/\/schema.org","@graph":[{"@type":"WebPage","@id":"https:\/\/candypack.be\/fr\/contact\/","url":"https:\/\/candypack.be\/fr\/contact\/","name":"Contact - Candy Pack","isPartOf":{"@id":"https:\/\/candypack.be\/fr\/#website"},"datePublished":"2025-03-06T11:10:43+00:00","dateModified":"2026-01-30T10:55:16+00:00","breadcrumb":{"@id":"https:\/\/candypack.be\/fr\/contact\/#breadcrumb"},"inLanguage":"fr-FR","potentialAction":[{"@type":"ReadAction","target":["https:\/\/candypack.be\/fr\/contact\/"]}]},{"@type":"BreadcrumbList","@id":"https:\/\/candypack.be\/fr\/contact\/#breadcrumb","itemListElement":[{"@type":"ListItem","position":1,"name":"Home","item":"https:\/\/candypack.be\/fr\/"},{"@type":"ListItem","position":2,"name":"Contact"}]},{"@type":"WebSite","@id":"https:\/\/candypack.be\/fr\/#website","url":"https:\/\/candypack.be\/fr\/","name":"Candy Pack","description":"","potentialAction":[{"@type":"SearchAction","target":{"@type":"EntryPoint","urlTemplate":"https:\/\/candypack.be\/fr\/?s={search_term_string}"},"query-input":{"@type":"PropertyValueSpecification","valueRequired":true,"valueName":"search_term_string"}}],"inLanguage":"fr-FR"}]}},"_links":{"self":[{"href":"https:\/\/candypack.be\/fr\/wp-json\/wp\/v2\/pages\/17","targetHints":{"allow":["GET"]}}],"collection":[{"href":"https:\/\/candypack.be\/fr\/wp-json\/wp\/v2\/pages"}],"about":[{"href":"https:\/\/candypack.be\/fr\/wp-json\/wp\/v2\/types\/page"}],"author":[{"embeddable":true,"href":"https:\/\/candypack.be\/fr\/wp-json\/wp\/v2\/users\/1"}],"replies":[{"embeddable":true,"href":"https:\/\/candypack.be\/fr\/wp-json\/wp\/v2\/comments?post=17"}],"version-history":[{"count":39,"href":"https:\/\/candypack.be\/fr\/wp-json\/wp\/v2\/pages\/17\/revisions"}],"predecessor-version":[{"id":1945,"href":"https:\/\/candypack.be\/fr\/wp-json\/wp\/v2\/pages\/17\/revisions\/1945"}],"wp:attachment":[{"href":"https:\/\/candypack.be\/fr\/wp-json\/wp\/v2\/media?parent=17"}],"curies":[{"name":"wp","href":"https:\/\/api.w.org\/{rel}","templated":true}]}}