{"id":353,"date":"2025-04-07T17:14:01","date_gmt":"2025-04-07T15:14:01","guid":{"rendered":"https:\/\/candypack.be.local\/?page_id=353"},"modified":"2026-01-29T14:21:48","modified_gmt":"2026-01-29T13:21:48","slug":"conditions-generales-de-ventes","status":"publish","type":"page","link":"https:\/\/candypack.be\/fr\/conditions-generales-de-ventes\/","title":{"rendered":"Conditions g\u00e9n\u00e9rales de ventes"},"content":{"rendered":"<section class=\"acf-block acf-block-ets-banner acf-block-first\" id=\"block_acf-block_697b5eebdfe68\">\n  <div class=\"container-fluid container_bg \">\n    \n      <div class=\"row\">\n        <div class=\"col-12 col-md-12 px-0\">\n  \n          <img loading=\"lazy\" decoding=\"async\" width=\"2100\" height=\"1400\" src=\"https:\/\/candypack.be\/app\/uploads\/2025\/04\/banner-bonbons.avif\" class=\"img-fluid w-100 mask-banner-inverted\" alt=\"\" srcset=\"https:\/\/candypack.be\/app\/uploads\/2025\/04\/banner-bonbons.avif 2100w, https:\/\/candypack.be\/app\/uploads\/2025\/04\/banner-bonbons-300x200.avif 300w, https:\/\/candypack.be\/app\/uploads\/2025\/04\/banner-bonbons-1024x683.avif 1024w, https:\/\/candypack.be\/app\/uploads\/2025\/04\/banner-bonbons-768x512.avif 768w, https:\/\/candypack.be\/app\/uploads\/2025\/04\/banner-bonbons-1536x1024.avif 1536w, https:\/\/candypack.be\/app\/uploads\/2025\/04\/banner-bonbons-2048x1365.avif 2048w\" sizes=\"auto, (max-width: 2100px) 100vw, 2100px\" \/>  \n        <\/div>\n      <\/div>\n\n  <\/div>\n  <div class=\"container h-100 \">\n      <div class=\"row h-100 align-items-center\">\n        <div class=\"col-12 col-md-10 col-lg-8 col-xl-8 col-xxl-6\">\n          <div class=\"mt-4 mt-md-0 mb-md-5 pb-md-5\">\n                          <h1 class=\"h2 text-primary\">Conditions g\u00e9n\u00e9rales de ventes<\/h1>\n                        <div class=\"content\">\n                          <\/div>\n          <\/div>\n        <\/div>\n        <!-- <div class=\"module__twin-columns--right\" style=\"background-image: url()\"> -->\n      <\/div>\n  <\/div>\n<\/section>\n\n<section class=\"acf-block acf-block-content\" id=\"block_acf-block_697b5eebe841b\">\n    <div class=\"container\">\n                    <div class=\"row\">\n                                    \n                    <div class=\"col-12 col-md-8 offset-md-2\">\n                        \n                        \n                        \n                        \n                        \n                                                    \n                                                            <div class=\"content__text mt-5\"><h3>Conditions g\u00e9n\u00e9rales de ventes<\/h3>\n<p>Toutes les commandes sont enregistr\u00e9es dans l\u2019ordre de leur acceptation et r\u00e9parties selon le stock disponible et les possibilit\u00e9s de livraison du moment, sans aucun autre engagement de notre part en ce qui concerne le d\u00e9lai d\u2019ex\u00e9cution. Les cas de force majeure (guerre, gr\u00e8ve g\u00e9n\u00e9rale ou partielle, lock-out, \u00e9pid\u00e9mie, accidents d\u2019exploitation, incendie, p\u00e9nurie de main-d\u2019\u0153uvre ou de mati\u00e8res premi\u00e8res, etc.) d\u00e9gagent les vendeurs de toute responsabilit\u00e9 quant \u00e0 l\u2019ex\u00e9cution de leurs engagements.<\/p>\n<p>Nous nous r\u00e9servons le droit de r\u00e9clamer \u00e0 nos clients, \u00e0 tout moment, des acomptes ou des garanties.<\/p>\n<p>Aucune marchandise ni fourniture ne sera reprise, sauf stipulation expresse et \u00e9crite, et uniquement pour autant qu\u2019elle nous soit restitu\u00e9e franco et indemne.<\/p>\n<p>En cas de d\u00e9c\u00e8s, faillite, incapacit\u00e9, suspension de paiement, dissolution ou modification de soci\u00e9t\u00e9, d\u00e9faut de paiement d\u2019une seule livraison ou non-observation des conditions sp\u00e9ciales de paiement, nous nous r\u00e9servons le droit soit de r\u00e9silier le contrat, soit de suspendre la livraison et, en toute hypoth\u00e8se, d\u2019exiger le paiement imm\u00e9diat de toutes les fournitures livr\u00e9es. Nous nous r\u00e9servons \u00e9galement le droit, dans tous les cas ci-avant \u00e9num\u00e9r\u00e9s, d\u2019exiger \u00e9ventuellement la restitution de nos fournitures.<\/p>\n<p>Pour \u00eatre recevables, toutes r\u00e9clamations doivent \u00eatre formul\u00e9es par pli recommand\u00e9 dans les huit jours suivant la fourniture des marchandises, la prestation de services ou autres. Au-del\u00e0 de ce d\u00e9lai, aucune suite favorable ne sera r\u00e9serv\u00e9e aux r\u00e9clamations \u00e9ventuelles.<\/p>\n<p>Toutes nos factures sont payables au grand comptant.<\/p>\n<p>Par mois de retard, toute facture non pay\u00e9e portera, de plein droit et sans mise en demeure pr\u00e9alable, un int\u00e9r\u00eat au taux d\u2019escompte de la Banque nationale major\u00e9 de 3 %. En outre, en cas de non-paiement injustifi\u00e9 \u00e0 l\u2019\u00e9ch\u00e9ance pr\u00e9vue, la facture sera, de plein droit et sans mise en demeure pr\u00e9alable, major\u00e9e d\u2019une indemnit\u00e9 forfaitaire de 15 %, avec un minimum de 75 \u20ac. En cas de litige, seuls les tribunaux de Li\u00e8ge, division Verviers, sont comp\u00e9tents.<\/p>\n<p>Le vendeur reste propri\u00e9taire de la totalit\u00e9 des marchandises livr\u00e9es, y compris \u00e0 l\u2019\u00e9gard des tiers, jusqu\u2019au paiement int\u00e9gral du prix. Durant cette p\u00e9riode, l\u2019acheteur assume les risques de destruction ou de d\u00e9gradation des marchandises et s\u2019interdit de les ali\u00e9ner ou de les donner en gage. Toute contestation ou action en recouvrement judiciaire rel\u00e8ve exclusivement de la comp\u00e9tence des Tribunaux de la Justice de Paix ou des Tribunaux de Commerce de Li\u00e8ge, division Verviers.<\/p>\n<\/div>\n                                                                                                <\/div>\n                            <\/div>\n            <\/div>\n<\/section>\n\n\n<section class=\"acf-block acf-block-cta-block acf-block-last\" id=\"block_acf-block_697b75d1c6532\">\n\n    <div class=\"container mb-5\">\n        <div class=\"row justify-content-center\">\n            <div class=\"col-12 col-md-11 col-lg-10 cta-block-parent\">\n                <div class=\"bg-primary rounded-top-3 shadow-lg cta-block\">\n                    <div class=\"d-flex-column d-md-flex justify-content-between\">\n                        <div>\n                            <h2 class=\"h1 text-white mb-2 pt-4 pt-md-0\">Une question\u202f?<\/h1>\n                            <div class=\"text-start text-white fs-4 lh-sm mb-4\"><p><strong>Parlons de vos besoins et trouvons la solution id\u00e9ale.<\/strong><\/p>\n<\/div>\n                        <\/div>\n                                                <div class=\" align-self-center pb-5 pb-md-0\">\n                            <div class=\"text-md-end\">\n                                                                    <a class=\"btn btn-whited-primary\" href=\"https:\/\/candypack.be\/fr\/contact\/\" target=\"_self\">Contactez-nous<\/a>\n    \n                            <\/div>\n                        <\/div>\n                        <div class=\"pt-5 pb-2 d-md-none\"><\/div>\n                                            <\/div>\n                <\/div>\n            <\/div>\n        <\/div>\n    <\/div>\n<\/section>\n","protected":false},"excerpt":{"rendered":"","protected":false},"author":1,"featured_media":0,"parent":0,"menu_order":0,"comment_status":"closed","ping_status":"open","template":"","meta":{"_acf_changed":false,"footnotes":""},"class_list":["post-353","page","type-page","status-publish","hentry"],"acf":[],"yoast_head":"<!-- This site is optimized with the Yoast SEO plugin v24.7 - https:\/\/yoast.com\/wordpress\/plugins\/seo\/ -->\n<title>Conditions g\u00e9n\u00e9rales de ventes - Candy Pack<\/title>\n<meta name=\"robots\" content=\"index, follow, max-snippet:-1, max-image-preview:large, max-video-preview:-1\" \/>\n<link rel=\"canonical\" href=\"https:\/\/candypack.be\/fr\/conditions-generales-de-ventes\/\" \/>\n<meta property=\"og:type\" content=\"article\" \/>\n<meta property=\"og:title\" content=\"Conditions g\u00e9n\u00e9rales de ventes - Candy Pack\" \/>\n<meta property=\"og:url\" content=\"https:\/\/candypack.be\/fr\/conditions-generales-de-ventes\/\" \/>\n<meta property=\"og:site_name\" content=\"Candy Pack\" \/>\n<meta property=\"article:modified_time\" content=\"2026-01-29T13:21:48+00:00\" \/>\n<meta name=\"twitter:card\" content=\"summary_large_image\" \/>\n<script type=\"application\/ld+json\" class=\"yoast-schema-graph\">{\"@context\":\"https:\/\/schema.org\",\"@graph\":[{\"@type\":\"WebPage\",\"@id\":\"https:\/\/candypack.be\/fr\/conditions-generales-de-ventes\/\",\"url\":\"https:\/\/candypack.be\/fr\/conditions-generales-de-ventes\/\",\"name\":\"Conditions g\u00e9n\u00e9rales de ventes - Candy Pack\",\"isPartOf\":{\"@id\":\"https:\/\/candypack.be\/fr\/#website\"},\"datePublished\":\"2025-04-07T15:14:01+00:00\",\"dateModified\":\"2026-01-29T13:21:48+00:00\",\"breadcrumb\":{\"@id\":\"https:\/\/candypack.be\/fr\/conditions-generales-de-ventes\/#breadcrumb\"},\"inLanguage\":\"fr-FR\",\"potentialAction\":[{\"@type\":\"ReadAction\",\"target\":[\"https:\/\/candypack.be\/fr\/conditions-generales-de-ventes\/\"]}]},{\"@type\":\"BreadcrumbList\",\"@id\":\"https:\/\/candypack.be\/fr\/conditions-generales-de-ventes\/#breadcrumb\",\"itemListElement\":[{\"@type\":\"ListItem\",\"position\":1,\"name\":\"Home\",\"item\":\"https:\/\/candypack.be\/fr\/\"},{\"@type\":\"ListItem\",\"position\":2,\"name\":\"Conditions g\u00e9n\u00e9rales de ventes\"}]},{\"@type\":\"WebSite\",\"@id\":\"https:\/\/candypack.be\/fr\/#website\",\"url\":\"https:\/\/candypack.be\/fr\/\",\"name\":\"Candy Pack\",\"description\":\"\",\"potentialAction\":[{\"@type\":\"SearchAction\",\"target\":{\"@type\":\"EntryPoint\",\"urlTemplate\":\"https:\/\/candypack.be\/fr\/?s={search_term_string}\"},\"query-input\":{\"@type\":\"PropertyValueSpecification\",\"valueRequired\":true,\"valueName\":\"search_term_string\"}}],\"inLanguage\":\"fr-FR\"}]}<\/script>\n<!-- \/ Yoast SEO plugin. -->","yoast_head_json":{"title":"Conditions g\u00e9n\u00e9rales de ventes - Candy Pack","robots":{"index":"index","follow":"follow","max-snippet":"max-snippet:-1","max-image-preview":"max-image-preview:large","max-video-preview":"max-video-preview:-1"},"canonical":"https:\/\/candypack.be\/fr\/conditions-generales-de-ventes\/","og_type":"article","og_title":"Conditions g\u00e9n\u00e9rales de ventes - Candy Pack","og_url":"https:\/\/candypack.be\/fr\/conditions-generales-de-ventes\/","og_site_name":"Candy Pack","article_modified_time":"2026-01-29T13:21:48+00:00","twitter_card":"summary_large_image","schema":{"@context":"https:\/\/schema.org","@graph":[{"@type":"WebPage","@id":"https:\/\/candypack.be\/fr\/conditions-generales-de-ventes\/","url":"https:\/\/candypack.be\/fr\/conditions-generales-de-ventes\/","name":"Conditions g\u00e9n\u00e9rales de ventes - Candy Pack","isPartOf":{"@id":"https:\/\/candypack.be\/fr\/#website"},"datePublished":"2025-04-07T15:14:01+00:00","dateModified":"2026-01-29T13:21:48+00:00","breadcrumb":{"@id":"https:\/\/candypack.be\/fr\/conditions-generales-de-ventes\/#breadcrumb"},"inLanguage":"fr-FR","potentialAction":[{"@type":"ReadAction","target":["https:\/\/candypack.be\/fr\/conditions-generales-de-ventes\/"]}]},{"@type":"BreadcrumbList","@id":"https:\/\/candypack.be\/fr\/conditions-generales-de-ventes\/#breadcrumb","itemListElement":[{"@type":"ListItem","position":1,"name":"Home","item":"https:\/\/candypack.be\/fr\/"},{"@type":"ListItem","position":2,"name":"Conditions g\u00e9n\u00e9rales de ventes"}]},{"@type":"WebSite","@id":"https:\/\/candypack.be\/fr\/#website","url":"https:\/\/candypack.be\/fr\/","name":"Candy Pack","description":"","potentialAction":[{"@type":"SearchAction","target":{"@type":"EntryPoint","urlTemplate":"https:\/\/candypack.be\/fr\/?s={search_term_string}"},"query-input":{"@type":"PropertyValueSpecification","valueRequired":true,"valueName":"search_term_string"}}],"inLanguage":"fr-FR"}]}},"_links":{"self":[{"href":"https:\/\/candypack.be\/fr\/wp-json\/wp\/v2\/pages\/353","targetHints":{"allow":["GET"]}}],"collection":[{"href":"https:\/\/candypack.be\/fr\/wp-json\/wp\/v2\/pages"}],"about":[{"href":"https:\/\/candypack.be\/fr\/wp-json\/wp\/v2\/types\/page"}],"author":[{"embeddable":true,"href":"https:\/\/candypack.be\/fr\/wp-json\/wp\/v2\/users\/1"}],"replies":[{"embeddable":true,"href":"https:\/\/candypack.be\/fr\/wp-json\/wp\/v2\/comments?post=353"}],"version-history":[{"count":11,"href":"https:\/\/candypack.be\/fr\/wp-json\/wp\/v2\/pages\/353\/revisions"}],"predecessor-version":[{"id":1706,"href":"https:\/\/candypack.be\/fr\/wp-json\/wp\/v2\/pages\/353\/revisions\/1706"}],"wp:attachment":[{"href":"https:\/\/candypack.be\/fr\/wp-json\/wp\/v2\/media?parent=353"}],"curies":[{"name":"wp","href":"https:\/\/api.w.org\/{rel}","templated":true}]}}